{"id":77,"date":"2020-05-01T14:04:17","date_gmt":"2020-05-01T12:04:17","guid":{"rendered":"https:\/\/soesterkanlzei.wordpress.com\/?page_id=77"},"modified":"2021-07-31T13:19:52","modified_gmt":"2021-07-31T13:19:52","slug":"verguetung","status":"publish","type":"page","link":"https:\/\/soester-kanzlei.de\/?page_id=77","title":{"rendered":"Verg\u00fctung"},"content":{"rendered":"\n<p>Sie glauben, dass die Beauftragung eines Rechtsanwalts unglaublich teuer ist?<\/p>\n\n\n\n<p>Sie haben einen Schriftsatz von einem Rechtsanwalt der Gegenseite oder einen Bescheid von einer Verwaltung erhalten und denken, dass man ihren Forderungen oder ihren Ma\u00dfnahmen wehrlos ausgeliefert ist?<\/p>\n\n\n\n<p>Dies sind weitverbreitete Vorurteile, die keineswegs zutreffen!<\/p>\n\n\n\n<p>Jeder hat ein Recht auf \u00dcberpr\u00fcfung seiner Rechte. <\/p>\n\n\n\n<p>Wenn wir Ihren Sachverhalt kennen und uns einen \u00dcberblick machen konnten, k\u00f6nnen wir Sie \u00fcber die m\u00f6glichen Kosten aufkl\u00e4ren. Sie m\u00fcssen deshalb keineswegs Angst vor unkontrollierbaren Kosten haben! Sie m\u00fcssen wissen, dass sich die H\u00f6he der anwaltlichen Verg\u00fctung entweder aus einer Verg\u00fctungsvereinbarung oder aus dem Rechtsanwaltsverg\u00fctungsgesetz ergibt. Die H\u00f6he der Verg\u00fctung errechnet sich danach, was Sie konkret von uns verlangen. Wucherpreise sind somit ausgeschlossen.<\/p>\n\n\n\n<p>Kontaktieren Sie uns!<\/p>\n\n\n\n<p>E-Mail: <a href=\"mailto:info@klespe.de\">info@klespe.de<\/a><br>Tel.: 02921 &#8211; 4000<\/p>\n","protected":false},"excerpt":{"rendered":"<p>Sie glauben, dass die Beauftragung eines Rechtsanwalts unglaublich teuer ist? Sie haben einen Schriftsatz von einem Rechtsanwalt der Gegenseite oder einen Bescheid von einer Verwaltung erhalten und denken, dass man ihren Forderungen oder ihren Ma\u00dfnahmen wehrlos ausgeliefert ist? Dies sind weitverbreitete Vorurteile, die keineswegs zutreffen! Jeder hat ein Recht auf \u00dcberpr\u00fcfung seiner Rechte. Wenn wir<a class=\"more-link\" href=\"https:\/\/soester-kanzlei.de\/?page_id=77\"><span class=\"screen-reader-text\">&#8222;Verg\u00fctung&#8220;<\/span> weiterlesen<\/a><\/p>\n","protected":false},"author":1,"featured_media":0,"parent":0,"menu_order":0,"comment_status":"closed","ping_status":"closed","template":"","meta":{"footnotes":""},"class_list":["post-77","page","type-page","status-publish","hentry","entry"],"_links":{"self":[{"href":"https:\/\/soester-kanzlei.de\/index.php?rest_route=\/wp\/v2\/pages\/77","targetHints":{"allow":["GET"]}}],"collection":[{"href":"https:\/\/soester-kanzlei.de\/index.php?rest_route=\/wp\/v2\/pages"}],"about":[{"href":"https:\/\/soester-kanzlei.de\/index.php?rest_route=\/wp\/v2\/types\/page"}],"author":[{"embeddable":true,"href":"https:\/\/soester-kanzlei.de\/index.php?rest_route=\/wp\/v2\/users\/1"}],"replies":[{"embeddable":true,"href":"https:\/\/soester-kanzlei.de\/index.php?rest_route=%2Fwp%2Fv2%2Fcomments&post=77"}],"version-history":[{"count":5,"href":"https:\/\/soester-kanzlei.de\/index.php?rest_route=\/wp\/v2\/pages\/77\/revisions"}],"predecessor-version":[{"id":694,"href":"https:\/\/soester-kanzlei.de\/index.php?rest_route=\/wp\/v2\/pages\/77\/revisions\/694"}],"wp:attachment":[{"href":"https:\/\/soester-kanzlei.de\/index.php?rest_route=%2Fwp%2Fv2%2Fmedia&parent=77"}],"curies":[{"name":"wp","href":"https:\/\/api.w.org\/{rel}","templated":true}]}}