{"id":7,"date":"2020-05-01T12:19:21","date_gmt":"2020-05-01T10:19:21","guid":{"rendered":"https:\/\/soesterkanlzei.wordpress.com\/?page_id=7"},"modified":"2020-10-22T10:57:20","modified_gmt":"2020-10-22T10:57:20","slug":"blog-2","status":"publish","type":"page","link":"https:\/\/soester-kanzlei.de\/?page_id=7","title":{"rendered":"Rechtstipp"},"content":{"rendered":"\n<div class=\"wp-block-cover alignfull has-background-dim-10 has-background-dim\" style=\"background-image:url(http:\/\/soester-kanzlei.de\/wp-content\/uploads\/2020\/05\/judge-1587300_1920.jpg);min-height:315px;aspect-ratio:unset;\"><div class=\"wp-block-cover__inner-container is-layout-flow wp-block-cover-is-layout-flow\">\n<p class=\"has-text-align-center has-large-font-size\"><\/p>\n<\/div><\/div>\n\n\n<ul class=\"wp-block-latest-posts__list has-dates wp-block-latest-posts\"><li><a class=\"wp-block-latest-posts__post-title\" href=\"https:\/\/soester-kanzlei.de\/?p=671\">Schutzimpfung trotz Ablehnung eines Elternteils?<\/a><time datetime=\"2021-04-20T14:21:22+00:00\" class=\"wp-block-latest-posts__post-date\">April 20, 2021<\/time><\/li>\n<li><a class=\"wp-block-latest-posts__post-title\" href=\"https:\/\/soester-kanzlei.de\/?p=651\">Umgangspflicht des Kindesvaters<\/a><time datetime=\"2020-12-07T16:16:58+00:00\" class=\"wp-block-latest-posts__post-date\">Dezember 7, 2020<\/time><\/li>\n<li><a class=\"wp-block-latest-posts__post-title\" href=\"https:\/\/soester-kanzlei.de\/?p=625\">Umgangsrecht w\u00e4hrend Corona in den Weihnachtsferien<\/a><time datetime=\"2020-11-11T14:16:04+00:00\" class=\"wp-block-latest-posts__post-date\">November 11, 2020<\/time><\/li>\n<li><a class=\"wp-block-latest-posts__post-title\" href=\"https:\/\/soester-kanzlei.de\/?p=619\">Einspruch gegen Bu\u00dfgeldbescheid immer pr\u00fcfen<\/a><time datetime=\"2020-10-22T11:01:49+00:00\" class=\"wp-block-latest-posts__post-date\">Oktober 22, 2020<\/time><\/li>\n<li><a class=\"wp-block-latest-posts__post-title\" href=\"https:\/\/soester-kanzlei.de\/?p=584\">Urlaubsreise ohne Zustimmung des anderen Elternteils w\u00e4hrend der Corona-Pandemie?<\/a><time datetime=\"2020-09-17T11:08:08+00:00\" class=\"wp-block-latest-posts__post-date\">September 17, 2020<\/time><\/li>\n<li><a class=\"wp-block-latest-posts__post-title\" href=\"https:\/\/soester-kanzlei.de\/?p=563\">Corona-Pandemie: Ordnungsmittel wegen Umgangsverweigerung<\/a><time datetime=\"2020-07-11T16:35:19+00:00\" class=\"wp-block-latest-posts__post-date\">Juli 11, 2020<\/time><\/li>\n<li><a class=\"wp-block-latest-posts__post-title\" href=\"https:\/\/soester-kanzlei.de\/?p=141\">VW Diesel Vergleich annehmen?<\/a><time datetime=\"2020-03-23T16:07:51+00:00\" class=\"wp-block-latest-posts__post-date\">M\u00e4rz 23, 2020<\/time><\/li>\n<li><a class=\"wp-block-latest-posts__post-title\" href=\"https:\/\/soester-kanzlei.de\/?p=139\">Update Dieselskandal<\/a><time datetime=\"2018-10-27T16:06:30+00:00\" class=\"wp-block-latest-posts__post-date\">Oktober 27, 2018<\/time><\/li>\n<li><a class=\"wp-block-latest-posts__post-title\" href=\"https:\/\/soester-kanzlei.de\/?p=137\">Das Zeitfenster f\u00fcr die Verfolgung von Anspr\u00fcchen aus dem Dieselskandal schlie\u00dft sich<\/a><time datetime=\"2017-10-04T16:05:35+00:00\" class=\"wp-block-latest-posts__post-date\">Oktober 4, 2017<\/time><\/li>\n<li><a class=\"wp-block-latest-posts__post-title\" href=\"https:\/\/soester-kanzlei.de\/?p=135\">Grundst\u00fccksbesitzer haben Anspruch auf Abbau von Videokameras auf dem Nachbargrundst\u00fcck<\/a><time datetime=\"2017-03-10T16:04:24+00:00\" class=\"wp-block-latest-posts__post-date\">M\u00e4rz 10, 2017<\/time><\/li>\n<li><a class=\"wp-block-latest-posts__post-title\" href=\"https:\/\/soester-kanzlei.de\/?p=133\">Erlaubte Videoaufnahmen sind auch Beweismittel f\u00fcr die arbeitsrechtliche K\u00fcndigung wegen einer zuf\u00e4llig entdeckten Straftat<\/a><time datetime=\"2017-03-10T16:03:20+00:00\" class=\"wp-block-latest-posts__post-date\">M\u00e4rz 10, 2017<\/time><\/li>\n<li><a class=\"wp-block-latest-posts__post-title\" href=\"https:\/\/soester-kanzlei.de\/?p=131\">Schwere Beleidigungen rechtfertigen nicht in jedem Fall die fristlose K\u00fcndigung des Mietvertrages \u00fcber die Wohnung<\/a><time datetime=\"2017-03-10T16:02:03+00:00\" class=\"wp-block-latest-posts__post-date\">M\u00e4rz 10, 2017<\/time><\/li>\n<li><a class=\"wp-block-latest-posts__post-title\" href=\"https:\/\/soester-kanzlei.de\/?p=129\">Das Recht auf selbstbestimmtes Leben und Tod<\/a><time datetime=\"2017-03-02T16:00:50+00:00\" class=\"wp-block-latest-posts__post-date\">M\u00e4rz 2, 2017<\/time><\/li>\n<li><a class=\"wp-block-latest-posts__post-title\" href=\"https:\/\/soester-kanzlei.de\/?p=127\">Kinder d\u00fcrfen in beiden Haushalten der Eltern wechseln betreut werden.<\/a><time datetime=\"2017-02-27T15:59:30+00:00\" class=\"wp-block-latest-posts__post-date\">Februar 27, 2017<\/time><\/li>\n<li><a class=\"wp-block-latest-posts__post-title\" href=\"https:\/\/soester-kanzlei.de\/?p=124\">Pr\u00fcfung des Bu\u00dfgeldbescheids nach \u00dcberschreitung der Geschwindigkeit<\/a><time datetime=\"2017-02-13T15:53:17+00:00\" class=\"wp-block-latest-posts__post-date\">Februar 13, 2017<\/time><\/li>\n<li><a class=\"wp-block-latest-posts__post-title\" href=\"https:\/\/soester-kanzlei.de\/?p=121\">Weiterhin Vorsicht beim Verlassen der Ehewohnung !<\/a><time datetime=\"2017-02-13T15:49:30+00:00\" class=\"wp-block-latest-posts__post-date\">Februar 13, 2017<\/time><\/li>\n<li><a class=\"wp-block-latest-posts__post-title\" href=\"https:\/\/soester-kanzlei.de\/?p=102\">Scheidungskosten sind au\u00dfergew\u00f6hnliche Belastungen und mindern die Steuerpflicht<\/a><time datetime=\"2016-11-25T00:00:57+00:00\" class=\"wp-block-latest-posts__post-date\">November 25, 2016<\/time><\/li>\n<\/ul>\n\n\n<hr class=\"wp-block-separator is-style-wide\"\/>\n\n\n\n<div class=\"wp-block-group is-layout-flow wp-block-group-is-layout-flow\"><div class=\"wp-block-group__inner-container\"><\/div><\/div>\n","protected":false},"excerpt":{"rendered":"","protected":false},"author":1,"featured_media":0,"parent":0,"menu_order":0,"comment_status":"closed","ping_status":"closed","template":"","meta":{"footnotes":""},"class_list":["post-7","page","type-page","status-publish","hentry","entry"],"_links":{"self":[{"href":"https:\/\/soester-kanzlei.de\/index.php?rest_route=\/wp\/v2\/pages\/7","targetHints":{"allow":["GET"]}}],"collection":[{"href":"https:\/\/soester-kanzlei.de\/index.php?rest_route=\/wp\/v2\/pages"}],"about":[{"href":"https:\/\/soester-kanzlei.de\/index.php?rest_route=\/wp\/v2\/types\/page"}],"author":[{"embeddable":true,"href":"https:\/\/soester-kanzlei.de\/index.php?rest_route=\/wp\/v2\/users\/1"}],"replies":[{"embeddable":true,"href":"https:\/\/soester-kanzlei.de\/index.php?rest_route=%2Fwp%2Fv2%2Fcomments&post=7"}],"version-history":[{"count":6,"href":"https:\/\/soester-kanzlei.de\/index.php?rest_route=\/wp\/v2\/pages\/7\/revisions"}],"predecessor-version":[{"id":618,"href":"https:\/\/soester-kanzlei.de\/index.php?rest_route=\/wp\/v2\/pages\/7\/revisions\/618"}],"wp:attachment":[{"href":"https:\/\/soester-kanzlei.de\/index.php?rest_route=%2Fwp%2Fv2%2Fmedia&parent=7"}],"curies":[{"name":"wp","href":"https:\/\/api.w.org\/{rel}","templated":true}]}}