{"id":638,"date":"2020-11-23T06:47:36","date_gmt":"2020-11-23T06:47:36","guid":{"rendered":"https:\/\/soester-kanzlei.de\/?page_id=638"},"modified":"2020-11-23T06:47:36","modified_gmt":"2020-11-23T06:47:36","slug":"verkehrsstrafrecht","status":"publish","type":"page","link":"https:\/\/soester-kanzlei.de\/?page_id=638","title":{"rendered":"Verkehrsstrafrecht"},"content":{"rendered":"\n<p><strong>Wenn die Polizei ermittelt, m\u00fcssen Sie richtig und schnell reagieren. Unbedachte Aussagen ohne vorherige anwaltliche Beratung oder anwaltlichen Beistand k\u00f6nnen ein Ermittlungsverfahren unwiderruflich in eine ung\u00fcnstige Richtung lenken.<\/strong><\/p>\n\n\n\n<p>Sehr oft ermittelt die Polizei oder die Staatsanwaltschaft gegen Unbeteiligte. Schweigen ist Ihr gutes Recht. Nachdem Rechtsanwalt Klespe die Akten der Ermittlungsbeh\u00f6rden eingesehen hat und ein vollst\u00e4ndiges Bild der Sachlage m\u00f6glich ist, wird eine Aussage erfolgen. In vielen F\u00e4llen ist auch eine Beurteilung von technischen Zusammenh\u00e4ngen erforderlich. Rechtsanwalt Klespe nutzt dabei gute Kontakte zu technischen Experten.<\/p>\n\n\n\n<p>Das strategische Geschick und die langj\u00e4hrige Erfahrung von Rechtsanwalt Klespe mit<\/p>\n","protected":false},"excerpt":{"rendered":"<p>Wenn die Polizei ermittelt, m\u00fcssen Sie richtig und schnell reagieren. Unbedachte Aussagen ohne vorherige anwaltliche Beratung oder anwaltlichen Beistand k\u00f6nnen ein Ermittlungsverfahren unwiderruflich in eine ung\u00fcnstige Richtung lenken. Sehr oft ermittelt die Polizei oder die Staatsanwaltschaft gegen Unbeteiligte. Schweigen ist Ihr gutes Recht. Nachdem Rechtsanwalt Klespe die Akten der Ermittlungsbeh\u00f6rden eingesehen hat und ein vollst\u00e4ndiges<a class=\"more-link\" href=\"https:\/\/soester-kanzlei.de\/?page_id=638\"><span class=\"screen-reader-text\">&#8222;Verkehrsstrafrecht&#8220;<\/span> weiterlesen<\/a><\/p>\n","protected":false},"author":1,"featured_media":0,"parent":0,"menu_order":0,"comment_status":"closed","ping_status":"closed","template":"","meta":{"footnotes":""},"class_list":["post-638","page","type-page","status-publish","hentry","entry"],"_links":{"self":[{"href":"https:\/\/soester-kanzlei.de\/index.php?rest_route=\/wp\/v2\/pages\/638","targetHints":{"allow":["GET"]}}],"collection":[{"href":"https:\/\/soester-kanzlei.de\/index.php?rest_route=\/wp\/v2\/pages"}],"about":[{"href":"https:\/\/soester-kanzlei.de\/index.php?rest_route=\/wp\/v2\/types\/page"}],"author":[{"embeddable":true,"href":"https:\/\/soester-kanzlei.de\/index.php?rest_route=\/wp\/v2\/users\/1"}],"replies":[{"embeddable":true,"href":"https:\/\/soester-kanzlei.de\/index.php?rest_route=%2Fwp%2Fv2%2Fcomments&post=638"}],"version-history":[{"count":1,"href":"https:\/\/soester-kanzlei.de\/index.php?rest_route=\/wp\/v2\/pages\/638\/revisions"}],"predecessor-version":[{"id":639,"href":"https:\/\/soester-kanzlei.de\/index.php?rest_route=\/wp\/v2\/pages\/638\/revisions\/639"}],"wp:attachment":[{"href":"https:\/\/soester-kanzlei.de\/index.php?rest_route=%2Fwp%2Fv2%2Fmedia&parent=638"}],"curies":[{"name":"wp","href":"https:\/\/api.w.org\/{rel}","templated":true}]}}