{"id":634,"date":"2020-11-23T06:44:42","date_gmt":"2020-11-23T06:44:42","guid":{"rendered":"https:\/\/soester-kanzlei.de\/?page_id=634"},"modified":"2020-11-23T06:44:42","modified_gmt":"2020-11-23T06:44:42","slug":"verkehrsrecht","status":"publish","type":"page","link":"https:\/\/soester-kanzlei.de\/?page_id=634","title":{"rendered":"Verkehrsrecht"},"content":{"rendered":"\n<p><strong>Unf\u00e4lle treffen die Opfer wie ein Blitz aus heiterem Himmel. Leider oft auch mit schweren K\u00f6rpersch\u00e4den. Die Durchsetzung der Anspr\u00fcche ist kompliziert. Es geht um Schmerzensgeld, Verdienstausfall, Haushaltsf\u00fchrungssch\u00e4den und eine Vielzahl weiterer Schadenspositionen.<\/strong><\/p>\n\n\n\n<p>Basis einer erfolgreichen anwaltlichen Vertretung sind nicht nur Rechtskenntnisse, sondern auch Erfahrung in der Bewertung von technischen und medizinischen Zusammenh\u00e4ngen. Rechtsanwalt Klespe verf\u00fcgt aus der langj\u00e4hrigen T\u00e4tigkeit auf diesen Gebieten \u00fcber die notwendigen Kenntnisse.<\/p>\n\n\n\n<p>Die KFZ Versicherer sind bestrebt, ihre Kosten zu minimieren. Unfallopfern werden nicht selten berechtigte Zahlungen verweigert oder durch Abfindungsvereinbarungen Schadenersatzanspr\u00fcche abgeschnitten. Ohne den Beistand eines in Unfallsachen erfahrenen Rechtsanwaltes sind die Unfallopfer hoffnungslos unterlegen.<\/p>\n\n\n\n<p>Dass die Rechtsanwaltskosten auch von der Versicherung des Unfallverursachers getragen werden m\u00fcssen, ist nur wenigen Unfallopfern bekannt.<\/p>\n\n\n\n<p>Den Unf\u00e4llen folgen oft auch sozialrechtliche Streitigkeiten mit den Krankenkassen, Rentenversicherern und der Unfallversicherung. Die fach\u00fcbergreifende Erfahrung von Rechtsanwalt Klespe auf diesem Gebiet ist Grundlage der interessengerechten Koordination der Verfahren zum Vorteil seiner Mandanten.<\/p>\n","protected":false},"excerpt":{"rendered":"<p>Unf\u00e4lle treffen die Opfer wie ein Blitz aus heiterem Himmel. Leider oft auch mit schweren K\u00f6rpersch\u00e4den. Die Durchsetzung der Anspr\u00fcche ist kompliziert. Es geht um Schmerzensgeld, Verdienstausfall, Haushaltsf\u00fchrungssch\u00e4den und eine Vielzahl weiterer Schadenspositionen. Basis einer erfolgreichen anwaltlichen Vertretung sind nicht nur Rechtskenntnisse, sondern auch Erfahrung in der Bewertung von technischen und medizinischen Zusammenh\u00e4ngen. Rechtsanwalt Klespe<a class=\"more-link\" href=\"https:\/\/soester-kanzlei.de\/?page_id=634\"><span class=\"screen-reader-text\">&#8222;Verkehrsrecht&#8220;<\/span> weiterlesen<\/a><\/p>\n","protected":false},"author":1,"featured_media":0,"parent":0,"menu_order":0,"comment_status":"closed","ping_status":"closed","template":"","meta":{"footnotes":""},"class_list":["post-634","page","type-page","status-publish","hentry","entry"],"_links":{"self":[{"href":"https:\/\/soester-kanzlei.de\/index.php?rest_route=\/wp\/v2\/pages\/634","targetHints":{"allow":["GET"]}}],"collection":[{"href":"https:\/\/soester-kanzlei.de\/index.php?rest_route=\/wp\/v2\/pages"}],"about":[{"href":"https:\/\/soester-kanzlei.de\/index.php?rest_route=\/wp\/v2\/types\/page"}],"author":[{"embeddable":true,"href":"https:\/\/soester-kanzlei.de\/index.php?rest_route=\/wp\/v2\/users\/1"}],"replies":[{"embeddable":true,"href":"https:\/\/soester-kanzlei.de\/index.php?rest_route=%2Fwp%2Fv2%2Fcomments&post=634"}],"version-history":[{"count":1,"href":"https:\/\/soester-kanzlei.de\/index.php?rest_route=\/wp\/v2\/pages\/634\/revisions"}],"predecessor-version":[{"id":635,"href":"https:\/\/soester-kanzlei.de\/index.php?rest_route=\/wp\/v2\/pages\/634\/revisions\/635"}],"wp:attachment":[{"href":"https:\/\/soester-kanzlei.de\/index.php?rest_route=%2Fwp%2Fv2%2Fmedia&parent=634"}],"curies":[{"name":"wp","href":"https:\/\/api.w.org\/{rel}","templated":true}]}}