{"id":48,"date":"2020-05-01T13:24:41","date_gmt":"2020-05-01T11:24:41","guid":{"rendered":"https:\/\/soesterkanlzei.wordpress.com\/?page_id=48"},"modified":"2021-07-31T13:25:17","modified_gmt":"2021-07-31T13:25:17","slug":"test","status":"publish","type":"page","link":"https:\/\/soester-kanzlei.de\/?page_id=48","title":{"rendered":"Rechtsanwalt Klespe"},"content":{"rendered":"\n<div class=\"wp-block-image\"><figure class=\"aligncenter size-large is-resized\"><img loading=\"lazy\" decoding=\"async\" src=\"http:\/\/soester-kanzlei.de\/wp-content\/uploads\/2020\/06\/DVP_9991_1-scaled-e1592057086384-893x1024.jpg\" alt=\"\" class=\"wp-image-516\" width=\"447\" height=\"512\" srcset=\"https:\/\/soester-kanzlei.de\/wp-content\/uploads\/2020\/06\/DVP_9991_1-scaled-e1592057086384-893x1024.jpg 893w, https:\/\/soester-kanzlei.de\/wp-content\/uploads\/2020\/06\/DVP_9991_1-scaled-e1592057086384-262x300.jpg 262w, https:\/\/soester-kanzlei.de\/wp-content\/uploads\/2020\/06\/DVP_9991_1-scaled-e1592057086384-768x880.jpg 768w, https:\/\/soester-kanzlei.de\/wp-content\/uploads\/2020\/06\/DVP_9991_1-scaled-e1592057086384-1340x1536.jpg 1340w, https:\/\/soester-kanzlei.de\/wp-content\/uploads\/2020\/06\/DVP_9991_1-scaled-e1592057086384-1568x1798.jpg 1568w, https:\/\/soester-kanzlei.de\/wp-content\/uploads\/2020\/06\/DVP_9991_1-scaled-e1592057086384.jpg 1708w\" sizes=\"auto, (max-width: 447px) 100vw, 447px\" \/><figcaption>Rechtsanwalt Christian Klespe<\/figcaption><\/figure><\/div>\n\n\n\n<div style=\"height:31px\" aria-hidden=\"true\" class=\"wp-block-spacer\"><\/div>\n\n\n\n<p>Rechtsanwalt Klespe ist seit 1990 als Rechtsanwalt zugelassen, also mehr als 25 Jahre selbst\u00e4ndig als Rechtsanwalt t\u00e4tig. Er ist verheiratet und hat 2 Kinder. Durch seine langj\u00e4hrige Berufserfahrung ist eine fachliche und \u00fcbergreifende Beratung in wichtigen Fachgebieten gesichert.<\/p>\n\n\n\n<p>Rechtsanwalt Klespe engagiert sich neben seinem Beruf als Rechtsanwalt in der Ausbildung im Fach Rechtskunde. Au\u00dferdem ist er Mitglied im Kreistag des Kreis Soest und des Regionalrates der Bezirksregierung Arnsberg. Die langj\u00e4hrige Erfahrung im Umgang mit Gerichten, Beh\u00f6rden und Versicherungen ist Basis f\u00fcr eine erfolgreiche T\u00e4tigkeit im ausschlie\u00dflichen Interesse des Mandanten, also zu Ihrem Vorteil.<\/p>\n\n\n\n<p>Seit \u00fcber 25 Jahren arbeitet RA Klespe erfolgreich f\u00fcr seine Mandanten vor Gericht, aber auch au\u00dfergerichtlich. Sie profitieren von seiner in allen Gerichtsinstanzen erfahrenen, strategisch ausgerichteten, selbstbewussten und rechtlich fundierten Prozessf\u00fchrung. Rechtsanwalt Klespe ist in Ihrem Interesse auf die v\u00f6llig unabh\u00e4ngige T\u00e4tigkeit als Rechtsanwalt konzentriert und nicht durch notarielle T\u00e4tigkeiten von der erfolgreichen Prozessf\u00fchrung abgelenkt.<\/p>\n\n\n\n<p>Zur Aufrechterhaltung seiner Unabh\u00e4ngigkeit \u00fcbernimmt er in der Regel nur von seinen Mandanten, nicht aber von Gerichten oder Versicherungen Dauermandate. Deshalb k\u00f6nnen Sie sicher sein, dass unter Nutzung der gesetzlichen Spielr\u00e4ume ausschlie\u00dflich in Ihrem Interesse gehandelt wird und die Entscheidungsfindung der Gerichte kreativ und kritisch begleitet wird.<\/p>\n\n\n\n<p>Die anwaltliche T\u00e4tigkeit und Beratung wird auf Ihre individuellen Bed\u00fcrfnisse bis ins Detail abgestimmt. Mit RA Klespe gehen Sie optimal vorbereitet in die Gerichtsverhandlung. Es begleitet Sie der Rechtsanwalt, der den Fall vorher bearbeitet hat und den Fall in allen Einzelheiten kennt.<\/p>\n\n\n\n<p>Selbstverst\u00e4ndlich ist auch das Kostenrisiko im Blick. Von rechtlichen Schritten wird im konkreten Fall abgeraten, wenn das Kosten\/Nutzenverh\u00e4ltnis nicht angemessen erscheint.<\/p>\n\n\n\n<p>Rechtsanwalt Klespe begleitet Sie vertrauensvoll und erfolgreich durch die Instanzen. Beispielhaft sei auf seine erfolgreiche Beschwerde vor dem Bundesverfassungsgericht verwiesen. Den Text finden Sie auf unserer Homepage unter \u201cRechtsprechung\u201c.<\/p>\n\n\n\n<p><\/p>\n\n\n\n<h3 class=\"wp-block-heading\">Rechtsgebiete<\/h3>\n\n\n\n<ul class=\"wp-block-list\"><li><a rel=\"noreferrer noopener\" href=\"https:\/\/soester-kanzlei.de\/?page_id=634\" target=\"_blank\">Verkehrsrecht<\/a><\/li><li><a rel=\"noreferrer noopener\" href=\"https:\/\/soester-kanzlei.de\/?page_id=638\" target=\"_blank\">Scheidungsverfahren<\/a><\/li><li>Mietrecht<\/li><li><a rel=\"noreferrer noopener\" href=\"https:\/\/soester-kanzlei.de\/?page_id=641\" target=\"_blank\">Arbeitsrecht<\/a><\/li><li><a rel=\"noreferrer noopener\" href=\"https:\/\/soester-kanzlei.de\/?page_id=647\" target=\"_blank\">Sozialrecht<\/a><\/li><li><a rel=\"noreferrer noopener\" href=\"https:\/\/soester-kanzlei.de\/?page_id=644\" target=\"_blank\">Medizinrecht<\/a><\/li><\/ul>\n\n\n\n<p>E-Mail: <a href=\"mailto:info@raklespe.de\"><a href=\"mailto:info@raklespe.de\">info@raklespe.de<\/a><\/a><\/p>\n","protected":false},"excerpt":{"rendered":"<p>Rechtsanwalt Klespe ist seit 1990 als Rechtsanwalt zugelassen, also mehr als 25 Jahre selbst\u00e4ndig als Rechtsanwalt t\u00e4tig. Er ist verheiratet und hat 2 Kinder. Durch seine langj\u00e4hrige Berufserfahrung ist eine fachliche und \u00fcbergreifende Beratung in wichtigen Fachgebieten gesichert. Rechtsanwalt Klespe engagiert sich neben seinem Beruf als Rechtsanwalt in der Ausbildung im Fach Rechtskunde. Au\u00dferdem ist<a class=\"more-link\" href=\"https:\/\/soester-kanzlei.de\/?page_id=48\"><span class=\"screen-reader-text\">&#8222;Rechtsanwalt Klespe&#8220;<\/span> weiterlesen<\/a><\/p>\n","protected":false},"author":1,"featured_media":0,"parent":0,"menu_order":0,"comment_status":"closed","ping_status":"closed","template":"","meta":{"footnotes":""},"class_list":["post-48","page","type-page","status-publish","hentry","entry"],"_links":{"self":[{"href":"https:\/\/soester-kanzlei.de\/index.php?rest_route=\/wp\/v2\/pages\/48","targetHints":{"allow":["GET"]}}],"collection":[{"href":"https:\/\/soester-kanzlei.de\/index.php?rest_route=\/wp\/v2\/pages"}],"about":[{"href":"https:\/\/soester-kanzlei.de\/index.php?rest_route=\/wp\/v2\/types\/page"}],"author":[{"embeddable":true,"href":"https:\/\/soester-kanzlei.de\/index.php?rest_route=\/wp\/v2\/users\/1"}],"replies":[{"embeddable":true,"href":"https:\/\/soester-kanzlei.de\/index.php?rest_route=%2Fwp%2Fv2%2Fcomments&post=48"}],"version-history":[{"count":19,"href":"https:\/\/soester-kanzlei.de\/index.php?rest_route=\/wp\/v2\/pages\/48\/revisions"}],"predecessor-version":[{"id":698,"href":"https:\/\/soester-kanzlei.de\/index.php?rest_route=\/wp\/v2\/pages\/48\/revisions\/698"}],"wp:attachment":[{"href":"https:\/\/soester-kanzlei.de\/index.php?rest_route=%2Fwp%2Fv2%2Fmedia&parent=48"}],"curies":[{"name":"wp","href":"https:\/\/api.w.org\/{rel}","templated":true}]}}