{"id":31,"date":"2020-05-01T12:26:20","date_gmt":"2020-05-01T12:26:20","guid":{"rendered":"https:\/\/soesterkanlzei.wordpress.com\/?page_id=31"},"modified":"2021-07-31T13:30:40","modified_gmt":"2021-07-31T13:30:40","slug":"startseite","status":"publish","type":"page","link":"https:\/\/soester-kanzlei.de\/","title":{"rendered":""},"content":{"rendered":"\n<h3 class=\"has-text-align-center wp-block-heading\">Herzlich Willkommen auf der Homepage von Rechtsanwalt Klespe!<\/h3>\n\n\n\n<p>Wir freuen uns, Sie auf unserer Homepage herzlich begr\u00fc\u00dfen zu d\u00fcrfen.<\/p>\n\n\n\n<p>Wir beraten und vertreten Sie kompetent in verschiedenen Rechtsangelegenheiten, sowohl au\u00dfergerichtlich als auch gerichtlich. Auf unserer Webseite k\u00f6nnen Sie sich \u00fcber unsere Kanzlei, \u00fcber unseren Rechtsanwalt und die T\u00e4tigkeitsbereiche sowie \u00fcber unsere Kompetenzen informieren. Au\u00dferdem erhalten Sie unter &#8222;Aktuelles&#8220; Informationen \u00fcber aktuelle Rechtsprechung in unseren T\u00e4tigkeitsbereichen.<\/p>\n","protected":false},"excerpt":{"rendered":"<p>Herzlich Willkommen auf der Homepage von Rechtsanwalt Klespe! Wir freuen uns, Sie auf unserer Homepage herzlich begr\u00fc\u00dfen zu d\u00fcrfen. Wir beraten und vertreten Sie kompetent in verschiedenen Rechtsangelegenheiten, sowohl au\u00dfergerichtlich als auch gerichtlich. Auf unserer Webseite k\u00f6nnen Sie sich \u00fcber unsere Kanzlei, \u00fcber unseren Rechtsanwalt und die T\u00e4tigkeitsbereiche sowie \u00fcber unsere Kompetenzen informieren. Au\u00dferdem erhalten<a class=\"more-link\" href=\"https:\/\/soester-kanzlei.de\/\"> weiterlesen<\/a><\/p>\n","protected":false},"author":1,"featured_media":0,"parent":0,"menu_order":0,"comment_status":"closed","ping_status":"closed","template":"","meta":{"footnotes":""},"class_list":["post-31","page","type-page","status-publish","hentry","entry"],"_links":{"self":[{"href":"https:\/\/soester-kanzlei.de\/index.php?rest_route=\/wp\/v2\/pages\/31","targetHints":{"allow":["GET"]}}],"collection":[{"href":"https:\/\/soester-kanzlei.de\/index.php?rest_route=\/wp\/v2\/pages"}],"about":[{"href":"https:\/\/soester-kanzlei.de\/index.php?rest_route=\/wp\/v2\/types\/page"}],"author":[{"embeddable":true,"href":"https:\/\/soester-kanzlei.de\/index.php?rest_route=\/wp\/v2\/users\/1"}],"replies":[{"embeddable":true,"href":"https:\/\/soester-kanzlei.de\/index.php?rest_route=%2Fwp%2Fv2%2Fcomments&post=31"}],"version-history":[{"count":14,"href":"https:\/\/soester-kanzlei.de\/index.php?rest_route=\/wp\/v2\/pages\/31\/revisions"}],"predecessor-version":[{"id":707,"href":"https:\/\/soester-kanzlei.de\/index.php?rest_route=\/wp\/v2\/pages\/31\/revisions\/707"}],"wp:attachment":[{"href":"https:\/\/soester-kanzlei.de\/index.php?rest_route=%2Fwp%2Fv2%2Fmedia&parent=31"}],"curies":[{"name":"wp","href":"https:\/\/api.w.org\/{rel}","templated":true}]}}