{"id":159,"date":"2020-05-01T20:08:55","date_gmt":"2020-05-01T18:08:55","guid":{"rendered":"https:\/\/soesterkanlzei.wordpress.com\/?page_id=159"},"modified":"2024-02-03T15:58:29","modified_gmt":"2024-02-03T15:58:29","slug":"impressum","status":"publish","type":"page","link":"https:\/\/soester-kanzlei.de\/?page_id=159","title":{"rendered":"Impressum"},"content":{"rendered":"\n<p>Inhaber der Rechtsanwaltskanzlei Klespe ist der <br>Rechtsanwalt Christian Klespe, Schlesische Stra\u00dfe 9, 59494 Soest.<\/p>\n\n\n\n<p>Kontaktaufnahme:<br>Telefon: 02921\/4000<br>Fax: 02921\/4444<br>E-Mail:\u00a0<a href=\"mailto:info@klespe.de\"><\/a><a href=\"mailto:info@raklespe.de\">info@raklespe.de<\/a><\/p>\n\n\n\n<h5 class=\"wp-block-heading\">Mitgliedschaften und Zulassung<\/h5>\n\n\n\n<p>Der Rechtsanwalt Christian Klespe ist Mitglied in der Rechtsanwaltskammer f\u00fcr den Oberlandesgerichtsbezirk Hamm, Ostenallee 18, 59063 Hamm, Tel. 02381\/985000 Fax 02381\/985050 E-Mail: <a href=\"mailto:info@rak-hamm.de\">info@rak-hamm.de<\/a><\/p>\n\n\n\n<h5 class=\"wp-block-heading\">Beschwerden<\/h5>\n\n\n\n<p>F\u00fcr Beschwerden gegen unsere Kanzlei ist zust\u00e4ndig:<br>Christian Klespe,<br>Telefon: 02921\/4000<br>Fax: 02921\/4444<br><a href=\"mailto:info@raklespe.de\">info@raklespe.de<\/a><\/p>\n\n\n\n<p>F\u00fcr au\u00dfergerichtliche Streitschlichtungsverfahren k\u00f6nnen folgende Schlichtungsstellen angerufen werden:<\/p>\n\n\n\n<ul class=\"wp-block-list\">\n<li>Ombudsmann bei der Bundesrechtsanwaltskammer Berlin, Littenstr. 9, 10179 Berlin, Tel. 030\/2849390, Fax 030\/28493911,&nbsp;E-Mail: <a href=\"mailto:zentrale@brak.de\">zentrale@brak.de<\/a><\/li>\n\n\n\n<li>Schlichtungsstelle bei der Rechtsanwaltskammer f\u00fcr den Oberlandesgerichtsbezirk Hamm, Ostenallee 18, 59063 Hamm Tel. 02381\/985000, Fax 02381\/985050,&nbsp;E-Mail: <a href=\"mailto:info@rak-hamm.de\">info@rak-hamm.de<\/a><\/li>\n<\/ul>\n\n\n\n<p>Berufsspezifische Regelungen<\/p>\n\n\n\n<ul class=\"wp-block-list\">\n<li>Bundesrechtsanwaltsordnung (BRAO) vom 01. Aug. 1959, BGBl. I 1959, 565, zuletzt ge\u00e4ndert durch Art. 31 des Gesetzes vom 27.04.2002, BGBl. 2002 I 1467<\/li>\n\n\n\n<li>Gesetz \u00fcber die Verg\u00fctung der Rechtsanw\u00e4ltinnen und Rechtsanw\u00e4lte (RVG) vom 05. Mai 2004, BGBl. I 2004, 718, 788, zuletzt ge\u00e4ndert durch Art. 2 Abs. 6 des Gesetzes vom 22.09.2005, BGBl. I, 2802<\/li>\n\n\n\n<li>Berufsordnung f\u00fcr Rechtsanw\u00e4lte (BORA) in der Fassung vom 01.05.2002<\/li>\n\n\n\n<li>Berufsregeln der Rechtsanw\u00e4lte der Europ\u00e4ischen Union (CCBE)<\/li>\n<\/ul>\n\n\n\n<p>Die berufsspezifischen Regelungen sind aufzufinden und nachzulesen bei:&nbsp;<a href=\"https:\/\/www.brak.de\/\">www.brak.de<\/a><\/p>\n\n\n\n<h5 class=\"wp-block-heading\">Berufshaftpflichtversicherung<\/h5>\n\n\n\n<p>Rechtsanw\u00e4ltinnen und Rechtsanw\u00e4lte sind aufgrund der Bundesrechtsanwaltsordnung verpflichtet, eine Berufshaftpflichtversicherung mit einer Mindestversicherungssumme von 250.000 Euro zu unterhalten.<br>Die Einzelheiten ergeben sich aus \u00a7 51 BRAO.<br><br>Die Daten der Berufshaftpflichtversicherung f\u00fcr Rechtsanwalt Christian Klespe lauten: Allianz Versicherungs-Aktiengesellschaft, 10900 Berlin<br><br>Beide Versicherungen sind beschr\u00e4nkt auf die Haftung f\u00fcr Rechtsberatung und Rechtsvertretung im Geltungsbereich der Bundesrepublik Deutschland.<\/p>\n","protected":false},"excerpt":{"rendered":"<p>Inhaber der Rechtsanwaltskanzlei Klespe ist der Rechtsanwalt Christian Klespe, Schlesische Stra\u00dfe 9, 59494 Soest. Kontaktaufnahme:Telefon: 02921\/4000Fax: 02921\/4444E-Mail:\u00a0info@raklespe.de Mitgliedschaften und Zulassung Der Rechtsanwalt Christian Klespe ist Mitglied in der Rechtsanwaltskammer f\u00fcr den Oberlandesgerichtsbezirk Hamm, Ostenallee 18, 59063 Hamm, Tel. 02381\/985000 Fax 02381\/985050 E-Mail: info@rak-hamm.de Beschwerden F\u00fcr Beschwerden gegen unsere Kanzlei ist zust\u00e4ndig:Christian Klespe,Telefon: 02921\/4000Fax: 02921\/4444info@raklespe.de F\u00fcr<a class=\"more-link\" href=\"https:\/\/soester-kanzlei.de\/?page_id=159\"><span class=\"screen-reader-text\">&#8222;Impressum&#8220;<\/span> weiterlesen<\/a><\/p>\n","protected":false},"author":1,"featured_media":0,"parent":0,"menu_order":0,"comment_status":"closed","ping_status":"closed","template":"","meta":{"footnotes":""},"class_list":["post-159","page","type-page","status-publish","hentry","entry"],"_links":{"self":[{"href":"https:\/\/soester-kanzlei.de\/index.php?rest_route=\/wp\/v2\/pages\/159","targetHints":{"allow":["GET"]}}],"collection":[{"href":"https:\/\/soester-kanzlei.de\/index.php?rest_route=\/wp\/v2\/pages"}],"about":[{"href":"https:\/\/soester-kanzlei.de\/index.php?rest_route=\/wp\/v2\/types\/page"}],"author":[{"embeddable":true,"href":"https:\/\/soester-kanzlei.de\/index.php?rest_route=\/wp\/v2\/users\/1"}],"replies":[{"embeddable":true,"href":"https:\/\/soester-kanzlei.de\/index.php?rest_route=%2Fwp%2Fv2%2Fcomments&post=159"}],"version-history":[{"count":5,"href":"https:\/\/soester-kanzlei.de\/index.php?rest_route=\/wp\/v2\/pages\/159\/revisions"}],"predecessor-version":[{"id":715,"href":"https:\/\/soester-kanzlei.de\/index.php?rest_route=\/wp\/v2\/pages\/159\/revisions\/715"}],"wp:attachment":[{"href":"https:\/\/soester-kanzlei.de\/index.php?rest_route=%2Fwp%2Fv2%2Fmedia&parent=159"}],"curies":[{"name":"wp","href":"https:\/\/api.w.org\/{rel}","templated":true}]}}