{"id":113,"date":"2020-05-01T15:46:42","date_gmt":"2020-05-01T13:46:42","guid":{"rendered":"https:\/\/soesterkanlzei.wordpress.com\/?page_id=113"},"modified":"2020-06-12T20:28:10","modified_gmt":"2020-06-12T20:28:10","slug":"dieselskandal","status":"publish","type":"page","link":"https:\/\/soester-kanzlei.de\/?page_id=113","title":{"rendered":"Dieselskandal"},"content":{"rendered":"<ul class=\"wp-block-latest-posts__list has-dates wp-block-latest-posts\"><li><a class=\"wp-block-latest-posts__post-title\" href=\"https:\/\/soester-kanzlei.de\/?p=141\">VW Diesel Vergleich annehmen?<\/a><time datetime=\"2020-03-23T16:07:51+00:00\" class=\"wp-block-latest-posts__post-date\">M\u00e4rz 23, 2020<\/time><\/li>\n<li><a class=\"wp-block-latest-posts__post-title\" href=\"https:\/\/soester-kanzlei.de\/?p=139\">Update Dieselskandal<\/a><time datetime=\"2018-10-27T16:06:30+00:00\" class=\"wp-block-latest-posts__post-date\">Oktober 27, 2018<\/time><\/li>\n<li><a class=\"wp-block-latest-posts__post-title\" href=\"https:\/\/soester-kanzlei.de\/?p=137\">Das Zeitfenster f\u00fcr die Verfolgung von Anspr\u00fcchen aus dem Dieselskandal schlie\u00dft sich<\/a><time datetime=\"2017-10-04T16:05:35+00:00\" class=\"wp-block-latest-posts__post-date\">Oktober 4, 2017<\/time><\/li>\n<\/ul>","protected":false},"excerpt":{"rendered":"","protected":false},"author":1,"featured_media":0,"parent":0,"menu_order":0,"comment_status":"closed","ping_status":"closed","template":"","meta":{"footnotes":""},"class_list":["post-113","page","type-page","status-publish","hentry","entry"],"_links":{"self":[{"href":"https:\/\/soester-kanzlei.de\/index.php?rest_route=\/wp\/v2\/pages\/113","targetHints":{"allow":["GET"]}}],"collection":[{"href":"https:\/\/soester-kanzlei.de\/index.php?rest_route=\/wp\/v2\/pages"}],"about":[{"href":"https:\/\/soester-kanzlei.de\/index.php?rest_route=\/wp\/v2\/types\/page"}],"author":[{"embeddable":true,"href":"https:\/\/soester-kanzlei.de\/index.php?rest_route=\/wp\/v2\/users\/1"}],"replies":[{"embeddable":true,"href":"https:\/\/soester-kanzlei.de\/index.php?rest_route=%2Fwp%2Fv2%2Fcomments&post=113"}],"version-history":[{"count":3,"href":"https:\/\/soester-kanzlei.de\/index.php?rest_route=\/wp\/v2\/pages\/113\/revisions"}],"predecessor-version":[{"id":527,"href":"https:\/\/soester-kanzlei.de\/index.php?rest_route=\/wp\/v2\/pages\/113\/revisions\/527"}],"wp:attachment":[{"href":"https:\/\/soester-kanzlei.de\/index.php?rest_route=%2Fwp%2Fv2%2Fmedia&parent=113"}],"curies":[{"name":"wp","href":"https:\/\/api.w.org\/{rel}","templated":true}]}}