{"id":112,"date":"2020-05-01T15:46:41","date_gmt":"2020-05-01T13:46:41","guid":{"rendered":"https:\/\/soesterkanlzei.wordpress.com\/?page_id=112"},"modified":"2020-06-12T20:27:15","modified_gmt":"2020-06-12T20:27:15","slug":"zivilrecht","status":"publish","type":"page","link":"https:\/\/soester-kanzlei.de\/?page_id=112","title":{"rendered":"Zivilrecht"},"content":{"rendered":"<ul class=\"wp-block-latest-posts__list has-dates wp-block-latest-posts\"><li><a class=\"wp-block-latest-posts__post-title\" href=\"https:\/\/soester-kanzlei.de\/?p=671\">Schutzimpfung trotz Ablehnung eines Elternteils?<\/a><time datetime=\"2021-04-20T14:21:22+00:00\" class=\"wp-block-latest-posts__post-date\">April 20, 2021<\/time><\/li>\n<li><a class=\"wp-block-latest-posts__post-title\" href=\"https:\/\/soester-kanzlei.de\/?p=141\">VW Diesel Vergleich annehmen?<\/a><time datetime=\"2020-03-23T16:07:51+00:00\" class=\"wp-block-latest-posts__post-date\">M\u00e4rz 23, 2020<\/time><\/li>\n<li><a class=\"wp-block-latest-posts__post-title\" href=\"https:\/\/soester-kanzlei.de\/?p=139\">Update Dieselskandal<\/a><time datetime=\"2018-10-27T16:06:30+00:00\" class=\"wp-block-latest-posts__post-date\">Oktober 27, 2018<\/time><\/li>\n<li><a class=\"wp-block-latest-posts__post-title\" href=\"https:\/\/soester-kanzlei.de\/?p=137\">Das Zeitfenster f\u00fcr die Verfolgung von Anspr\u00fcchen aus dem Dieselskandal schlie\u00dft sich<\/a><time datetime=\"2017-10-04T16:05:35+00:00\" class=\"wp-block-latest-posts__post-date\">Oktober 4, 2017<\/time><\/li>\n<li><a class=\"wp-block-latest-posts__post-title\" href=\"https:\/\/soester-kanzlei.de\/?p=135\">Grundst\u00fccksbesitzer haben Anspruch auf Abbau von Videokameras auf dem Nachbargrundst\u00fcck<\/a><time datetime=\"2017-03-10T16:04:24+00:00\" class=\"wp-block-latest-posts__post-date\">M\u00e4rz 10, 2017<\/time><\/li>\n<li><a class=\"wp-block-latest-posts__post-title\" href=\"https:\/\/soester-kanzlei.de\/?p=133\">Erlaubte Videoaufnahmen sind auch Beweismittel f\u00fcr die arbeitsrechtliche K\u00fcndigung wegen einer zuf\u00e4llig entdeckten Straftat<\/a><time datetime=\"2017-03-10T16:03:20+00:00\" class=\"wp-block-latest-posts__post-date\">M\u00e4rz 10, 2017<\/time><\/li>\n<li><a class=\"wp-block-latest-posts__post-title\" href=\"https:\/\/soester-kanzlei.de\/?p=131\">Schwere Beleidigungen rechtfertigen nicht in jedem Fall die fristlose K\u00fcndigung des Mietvertrages \u00fcber die Wohnung<\/a><time datetime=\"2017-03-10T16:02:03+00:00\" class=\"wp-block-latest-posts__post-date\">M\u00e4rz 10, 2017<\/time><\/li>\n<li><a class=\"wp-block-latest-posts__post-title\" href=\"https:\/\/soester-kanzlei.de\/?p=127\">Kinder d\u00fcrfen in beiden Haushalten der Eltern wechseln betreut werden.<\/a><time datetime=\"2017-02-27T15:59:30+00:00\" class=\"wp-block-latest-posts__post-date\">Februar 27, 2017<\/time><\/li>\n<li><a class=\"wp-block-latest-posts__post-title\" href=\"https:\/\/soester-kanzlei.de\/?p=121\">Weiterhin Vorsicht beim Verlassen der Ehewohnung !<\/a><time datetime=\"2017-02-13T15:49:30+00:00\" class=\"wp-block-latest-posts__post-date\">Februar 13, 2017<\/time><\/li>\n<\/ul>","protected":false},"excerpt":{"rendered":"","protected":false},"author":1,"featured_media":0,"parent":0,"menu_order":0,"comment_status":"closed","ping_status":"closed","template":"","meta":{"footnotes":""},"class_list":["post-112","page","type-page","status-publish","hentry","entry"],"_links":{"self":[{"href":"https:\/\/soester-kanzlei.de\/index.php?rest_route=\/wp\/v2\/pages\/112","targetHints":{"allow":["GET"]}}],"collection":[{"href":"https:\/\/soester-kanzlei.de\/index.php?rest_route=\/wp\/v2\/pages"}],"about":[{"href":"https:\/\/soester-kanzlei.de\/index.php?rest_route=\/wp\/v2\/types\/page"}],"author":[{"embeddable":true,"href":"https:\/\/soester-kanzlei.de\/index.php?rest_route=\/wp\/v2\/users\/1"}],"replies":[{"embeddable":true,"href":"https:\/\/soester-kanzlei.de\/index.php?rest_route=%2Fwp%2Fv2%2Fcomments&post=112"}],"version-history":[{"count":3,"href":"https:\/\/soester-kanzlei.de\/index.php?rest_route=\/wp\/v2\/pages\/112\/revisions"}],"predecessor-version":[{"id":525,"href":"https:\/\/soester-kanzlei.de\/index.php?rest_route=\/wp\/v2\/pages\/112\/revisions\/525"}],"wp:attachment":[{"href":"https:\/\/soester-kanzlei.de\/index.php?rest_route=%2Fwp%2Fv2%2Fmedia&parent=112"}],"curies":[{"name":"wp","href":"https:\/\/api.w.org\/{rel}","templated":true}]}}